{"id":6352,"date":"2018-11-20T10:45:05","date_gmt":"2018-11-20T20:45:05","guid":{"rendered":"http:\/\/www.collegedehitiaa.ama.pf\/?page_id=6352"},"modified":"2018-12-03T06:37:30","modified_gmt":"2018-12-03T16:37:30","slug":"rallye-mathematique-mathaara","status":"publish","type":"page","link":"http:\/\/www.collegedehitiaa.ama.pf\/index.php\/enseignements\/mathematiques\/rallye-mathematique-mathaara\/","title":{"rendered":"Rallye Math\u00e9matique \u00abMATh\u2019AARA\u00bb"},"content":{"rendered":"<p style=\"text-align: center;\">Matha&rsquo;Ara est un rallye de math\u00e9matiques cr\u00e9\u00e9 depuis 2006 pour les \u00e9l\u00e8ves du secondaire.<\/p>\n<p style=\"text-align: center;\">Qui peut participer au d\u00e9fi \u00ab Math\u2019a Ara \u00bb ?<\/p>\n<p style=\"text-align: center;\">Les \u00e9l\u00e8ves des classes des \u00e9coles, coll\u00e8ges et lyc\u00e9es de Polyn\u00e9sie fran\u00e7aise. Trois rallyes sont pr\u00e9vus:<\/p>\n<ul>\n<li style=\"text-align: center;\">Le rallye <strong><em>tamarii<\/em><\/strong> pour les CM2 et 6e,<\/li>\n<li style=\"text-align: center;\">Le rallye <em><strong>taure\u2019a<\/strong><\/em> pour les 5e et 4e, toutes classes de CETAD<\/li>\n<li style=\"text-align: center;\">Le rallye <em><strong>taure\u2019are\u2019a<\/strong><\/em> pour les 3e et 2de de tout type<\/li>\n<\/ul>\n<p style=\"text-align: center;\">\u00c0 l\u2019issue de la p\u00e9riode de s\u00e9lection, les meilleures classes de chacun des trois niveaux seront qualifi\u00e9es<\/p>\n<p style=\"text-align: center;\">pour une finale en mars ou en mai.<\/p>\n<p style=\"text-align: center;\"><a href=\"http:\/\/mathaara.math.pf\/\" target=\"_blank\" rel=\"noopener noreferrer\">Cliquer sur le lien suivant pour y acc\u00e9der : Math&rsquo;Ara<\/a><\/p>\n<p style=\"text-align: center;\"><a href=\"http:\/\/www.collegedehitiaa.ama.pf\/wp-content\/uploads\/2018\/11\/MathaAra.png\"><img loading=\"lazy\" decoding=\"async\" class=\"aligncenter size-full wp-image-6354\" src=\"http:\/\/www.collegedehitiaa.ama.pf\/wp-content\/uploads\/2018\/11\/MathaAra.png\" alt=\"\" width=\"907\" height=\"629\" srcset=\"http:\/\/www.collegedehitiaa.ama.pf\/wp-content\/uploads\/2018\/11\/MathaAra.png 907w, http:\/\/www.collegedehitiaa.ama.pf\/wp-content\/uploads\/2018\/11\/MathaAra-300x208.png 300w, http:\/\/www.collegedehitiaa.ama.pf\/wp-content\/uploads\/2018\/11\/MathaAra-768x533.png 768w\" sizes=\"auto, (max-width: 907px) 100vw, 907px\" \/><\/a> <span style=\"text-decoration: underline;\">Exemple de jeux mis \u00e0 disposition<\/span><\/p>\n","protected":false},"excerpt":{"rendered":"<p>Matha&rsquo;Ara est un rallye de math\u00e9matiques cr\u00e9\u00e9 depuis 2006 pour les \u00e9l\u00e8ves du secondaire. Qui peut participer au d\u00e9fi \u00ab &hellip; <\/p>\n","protected":false},"author":1,"featured_media":0,"parent":6344,"menu_order":0,"comment_status":"closed","ping_status":"closed","template":"full-width-page.php","meta":{"_acf_changed":false,"footnotes":""},"class_list":["post-6352","page","type-page","status-publish","hentry"],"acf":[],"_links":{"self":[{"href":"http:\/\/www.collegedehitiaa.ama.pf\/index.php\/wp-json\/wp\/v2\/pages\/6352","targetHints":{"allow":["GET"]}}],"collection":[{"href":"http:\/\/www.collegedehitiaa.ama.pf\/index.php\/wp-json\/wp\/v2\/pages"}],"about":[{"href":"http:\/\/www.collegedehitiaa.ama.pf\/index.php\/wp-json\/wp\/v2\/types\/page"}],"author":[{"embeddable":true,"href":"http:\/\/www.collegedehitiaa.ama.pf\/index.php\/wp-json\/wp\/v2\/users\/1"}],"replies":[{"embeddable":true,"href":"http:\/\/www.collegedehitiaa.ama.pf\/index.php\/wp-json\/wp\/v2\/comments?post=6352"}],"version-history":[{"count":3,"href":"http:\/\/www.collegedehitiaa.ama.pf\/index.php\/wp-json\/wp\/v2\/pages\/6352\/revisions"}],"predecessor-version":[{"id":6356,"href":"http:\/\/www.collegedehitiaa.ama.pf\/index.php\/wp-json\/wp\/v2\/pages\/6352\/revisions\/6356"}],"up":[{"embeddable":true,"href":"http:\/\/www.collegedehitiaa.ama.pf\/index.php\/wp-json\/wp\/v2\/pages\/6344"}],"wp:attachment":[{"href":"http:\/\/www.collegedehitiaa.ama.pf\/index.php\/wp-json\/wp\/v2\/media?parent=6352"}],"curies":[{"name":"wp","href":"https:\/\/api.w.org\/{rel}","templated":true}]}}