{"id":6347,"date":"2018-11-20T10:28:26","date_gmt":"2018-11-20T20:28:26","guid":{"rendered":"http:\/\/www.collegedehitiaa.ama.pf\/?page_id=6347"},"modified":"2018-12-03T06:37:23","modified_gmt":"2018-12-03T16:37:23","slug":"maths-games","status":"publish","type":"page","link":"http:\/\/www.collegedehitiaa.ama.pf\/index.php\/enseignements\/mathematiques\/maths-games\/","title":{"rendered":"Math&rsquo;s Games"},"content":{"rendered":"<p style=\"text-align: center;\">De plus en plus le num\u00e9rique nous permet de nous \u00e9vader et c&rsquo;est pareil pour les math\u00e9matiques.<\/p>\n<p style=\"text-align: center;\">Nous vous proposons un site o\u00f9 enseignement et jeux cohabitent ensemble.<\/p>\n<p style=\"text-align: center;\">\u00a0\u00bb Apprendre en jouant, c&rsquo;est faisable ! \u00ab\u00a0<\/p>\n<p style=\"text-align: center;\"><a href=\"https:\/\/www.jeuxmaths.fr\/jeux-de-maths-en-ligne.html\">Clique sur le lien suivant : Jeux de Maths<\/a><\/p>\n<p style=\"text-align: center;\"><a href=\"http:\/\/www.collegedehitiaa.ama.pf\/wp-content\/uploads\/2018\/11\/Invasion-op\u00e9rations.png\"><img loading=\"lazy\" decoding=\"async\" class=\"aligncenter size-large wp-image-6348\" src=\"http:\/\/www.collegedehitiaa.ama.pf\/wp-content\/uploads\/2018\/11\/Invasion-op\u00e9rations-1024x614.png\" alt=\"\" width=\"640\" height=\"384\" srcset=\"http:\/\/www.collegedehitiaa.ama.pf\/wp-content\/uploads\/2018\/11\/Invasion-op\u00e9rations-1024x614.png 1024w, http:\/\/www.collegedehitiaa.ama.pf\/wp-content\/uploads\/2018\/11\/Invasion-op\u00e9rations-300x180.png 300w, http:\/\/www.collegedehitiaa.ama.pf\/wp-content\/uploads\/2018\/11\/Invasion-op\u00e9rations-768x461.png 768w, http:\/\/www.collegedehitiaa.ama.pf\/wp-content\/uploads\/2018\/11\/Invasion-op\u00e9rations.png 1280w\" sizes=\"auto, (max-width: 640px) 100vw, 640px\" \/><\/a> <span style=\"text-decoration: underline;\">Exemple de jeu :<\/span> Invasion Op\u00e9rations<\/p>\n<p style=\"text-align: center;\"><a href=\"http:\/\/www.collegedehitiaa.ama.pf\/wp-content\/uploads\/2018\/11\/Zombies.png\"><img loading=\"lazy\" decoding=\"async\" class=\"aligncenter size-full wp-image-6349\" src=\"http:\/\/www.collegedehitiaa.ama.pf\/wp-content\/uploads\/2018\/11\/Zombies.png\" alt=\"\" width=\"700\" height=\"524\" srcset=\"http:\/\/www.collegedehitiaa.ama.pf\/wp-content\/uploads\/2018\/11\/Zombies.png 700w, http:\/\/www.collegedehitiaa.ama.pf\/wp-content\/uploads\/2018\/11\/Zombies-300x225.png 300w\" sizes=\"auto, (max-width: 700px) 100vw, 700px\" \/><\/a><\/p>\n<p style=\"text-align: center;\"><span style=\"text-decoration: underline;\">Exemple de jeu :<\/span> Zombies<\/p>\n","protected":false},"excerpt":{"rendered":"<p>De plus en plus le num\u00e9rique nous permet de nous \u00e9vader et c&rsquo;est pareil pour les math\u00e9matiques. Nous vous proposons &hellip; <\/p>\n","protected":false},"author":1,"featured_media":0,"parent":6344,"menu_order":0,"comment_status":"closed","ping_status":"closed","template":"full-width-page.php","meta":{"_acf_changed":false,"footnotes":""},"class_list":["post-6347","page","type-page","status-publish","hentry"],"acf":[],"_links":{"self":[{"href":"http:\/\/www.collegedehitiaa.ama.pf\/index.php\/wp-json\/wp\/v2\/pages\/6347","targetHints":{"allow":["GET"]}}],"collection":[{"href":"http:\/\/www.collegedehitiaa.ama.pf\/index.php\/wp-json\/wp\/v2\/pages"}],"about":[{"href":"http:\/\/www.collegedehitiaa.ama.pf\/index.php\/wp-json\/wp\/v2\/types\/page"}],"author":[{"embeddable":true,"href":"http:\/\/www.collegedehitiaa.ama.pf\/index.php\/wp-json\/wp\/v2\/users\/1"}],"replies":[{"embeddable":true,"href":"http:\/\/www.collegedehitiaa.ama.pf\/index.php\/wp-json\/wp\/v2\/comments?post=6347"}],"version-history":[{"count":2,"href":"http:\/\/www.collegedehitiaa.ama.pf\/index.php\/wp-json\/wp\/v2\/pages\/6347\/revisions"}],"predecessor-version":[{"id":6351,"href":"http:\/\/www.collegedehitiaa.ama.pf\/index.php\/wp-json\/wp\/v2\/pages\/6347\/revisions\/6351"}],"up":[{"embeddable":true,"href":"http:\/\/www.collegedehitiaa.ama.pf\/index.php\/wp-json\/wp\/v2\/pages\/6344"}],"wp:attachment":[{"href":"http:\/\/www.collegedehitiaa.ama.pf\/index.php\/wp-json\/wp\/v2\/media?parent=6347"}],"curies":[{"name":"wp","href":"https:\/\/api.w.org\/{rel}","templated":true}]}}