{"id":5843,"date":"2018-10-05T13:42:40","date_gmt":"2018-10-05T23:42:40","guid":{"rendered":"http:\/\/www.collegedehitiaa.ama.pf\/?page_id=5843"},"modified":"2018-10-05T13:42:40","modified_gmt":"2018-10-05T23:42:40","slug":"les-regles-du-cdi","status":"publish","type":"page","link":"http:\/\/www.collegedehitiaa.ama.pf\/index.php\/enseignements\/cdi\/les-regles-du-cdi\/","title":{"rendered":"Les r\u00e8gles du CDI"},"content":{"rendered":"<p style=\"text-align: left;\" align=\"JUSTIFY\">Le CDI, comme une salle de classe, doit \u00eatre <strong>un lieu agr\u00e9able \u00e0 la lecture<\/strong>,<strong> \u00e0 la r\u00e9flex<\/strong><strong>ion de devo<\/strong><strong>ir de mai<\/strong><strong>son, \u00e0 la recherche documentaire<\/strong>, etc&#8230;<\/p>\n<p style=\"text-align: left;\" align=\"JUSTIFY\">Les 10 r\u00e8gles d&rsquo;or du CDI ont \u00e9t\u00e9 \u00e9labor\u00e9 afin que tout se passe dans l&rsquo;harmonie la plus compl\u00e8te.<\/p>\n<p style=\"text-align: left;\" align=\"CENTER\">\n<p style=\"text-align: left;\" align=\"CENTER\">Les 10 r\u00e8gles d&rsquo;or du CDI\u00a0 \u00e0 <strong>RESPECTER\u00a0<\/strong><\/p>\n<p style=\"text-align: left;\">\n<p style=\"text-align: left;\"><strong>1- Je rentre au CDI calmement.<\/strong><strong><img loading=\"lazy\" decoding=\"async\" src=\"http:\/\/www.collegedehitiaa.ama.pf3\/images\/dossier\/CDI.jpeg\" alt=\"\" width=\"185\" height=\"185\" border=\"0\" \/><\/strong><\/p>\n<p style=\"text-align: left;\">\n<p style=\"text-align: left;\"><strong>2- Je range mon sac sur l&rsquo;\u00e9tag\u00e8re \u00e0 sacs. <\/strong><\/p>\n<p style=\"text-align: left;\">\n<p style=\"text-align: left;\"><strong>3- Je m&rsquo;inscris et je d\u00e9pose mon carnet de correspondance sur le bureau du professeur-documentaliste.<br \/>\n<\/strong><\/p>\n<p style=\"text-align: left;\">\n<p style=\"text-align: left;\"><strong>4- Je m&rsquo;installe tranquillement.<\/strong><\/p>\n<p style=\"text-align: left;\">\n<p style=\"text-align: left;\"><strong>5- Je lis ou je travaille en chuchotant.<\/strong><\/p>\n<p style=\"text-align: left;\">\n<p style=\"text-align: left;\"><strong>6- Je ne parle pas \u00e0 voix haute. <\/strong><\/p>\n<p style=\"text-align: left;\">\n<p style=\"text-align: left;\"><strong>7- Je ne manges pas et je ne bois pas au CDI.<\/strong><\/p>\n<p style=\"text-align: left;\">\n<p style=\"text-align: left;\"><strong>8- Les postes informatiques ne servent qu&rsquo;\u00e0 <span style=\"text-decoration: underline;\">la recherche documentaire<\/span>.<\/strong><\/p>\n<p style=\"text-align: left;\">\n<p style=\"text-align: left;\"><strong>9- Il est interdit de s&rsquo;asseoir dans les escaliers.<br \/>\n<\/strong><\/p>\n<p style=\"text-align: left;\">\n<p style=\"text-align: left;\" align=\"JUSTIFY\"><strong>10- A la sonnerie, je range mon livre \u00e0 sa place avant de sortir (si je ne l&rsquo;ai pas emprunt\u00e9).<\/strong><\/p>\n","protected":false},"excerpt":{"rendered":"<p>Le CDI, comme une salle de classe, doit \u00eatre un lieu agr\u00e9able \u00e0 la lecture, \u00e0 la r\u00e9flexion de devoir &hellip; <\/p>\n","protected":false},"author":1,"featured_media":0,"parent":5808,"menu_order":0,"comment_status":"closed","ping_status":"closed","template":"full-width-page.php","meta":{"_acf_changed":false,"footnotes":""},"class_list":["post-5843","page","type-page","status-publish","hentry"],"acf":[],"_links":{"self":[{"href":"http:\/\/www.collegedehitiaa.ama.pf\/index.php\/wp-json\/wp\/v2\/pages\/5843","targetHints":{"allow":["GET"]}}],"collection":[{"href":"http:\/\/www.collegedehitiaa.ama.pf\/index.php\/wp-json\/wp\/v2\/pages"}],"about":[{"href":"http:\/\/www.collegedehitiaa.ama.pf\/index.php\/wp-json\/wp\/v2\/types\/page"}],"author":[{"embeddable":true,"href":"http:\/\/www.collegedehitiaa.ama.pf\/index.php\/wp-json\/wp\/v2\/users\/1"}],"replies":[{"embeddable":true,"href":"http:\/\/www.collegedehitiaa.ama.pf\/index.php\/wp-json\/wp\/v2\/comments?post=5843"}],"version-history":[{"count":1,"href":"http:\/\/www.collegedehitiaa.ama.pf\/index.php\/wp-json\/wp\/v2\/pages\/5843\/revisions"}],"predecessor-version":[{"id":5844,"href":"http:\/\/www.collegedehitiaa.ama.pf\/index.php\/wp-json\/wp\/v2\/pages\/5843\/revisions\/5844"}],"up":[{"embeddable":true,"href":"http:\/\/www.collegedehitiaa.ama.pf\/index.php\/wp-json\/wp\/v2\/pages\/5808"}],"wp:attachment":[{"href":"http:\/\/www.collegedehitiaa.ama.pf\/index.php\/wp-json\/wp\/v2\/media?parent=5843"}],"curies":[{"name":"wp","href":"https:\/\/api.w.org\/{rel}","templated":true}]}}