{"id":5813,"date":"2018-10-21T07:38:04","date_gmt":"2018-10-21T17:38:04","guid":{"rendered":"http:\/\/www.collegedehitiaa.ama.pf\/?page_id=5813"},"modified":"2018-10-21T07:41:09","modified_gmt":"2018-10-21T17:41:09","slug":"plan-du-cdi","status":"publish","type":"page","link":"http:\/\/www.collegedehitiaa.ama.pf\/index.php\/enseignements\/cdi\/plan-du-cdi\/","title":{"rendered":"Plan du CDI"},"content":{"rendered":"<p><a href=\"http:\/\/www.collegedehitiaa.ama.pf\/wp-content\/uploads\/2018\/10\/Plan-du-CDI-1.jpg\"><img loading=\"lazy\" decoding=\"async\" class=\"aligncenter wp-image-6313\" src=\"http:\/\/www.collegedehitiaa.ama.pf\/wp-content\/uploads\/2018\/10\/Plan-du-CDI-1-1024x724.jpg\" alt=\"\" width=\"902\" height=\"637\" srcset=\"http:\/\/www.collegedehitiaa.ama.pf\/wp-content\/uploads\/2018\/10\/Plan-du-CDI-1-1024x724.jpg 1024w, http:\/\/www.collegedehitiaa.ama.pf\/wp-content\/uploads\/2018\/10\/Plan-du-CDI-1-300x212.jpg 300w, http:\/\/www.collegedehitiaa.ama.pf\/wp-content\/uploads\/2018\/10\/Plan-du-CDI-1-768x543.jpg 768w\" sizes=\"auto, (max-width: 902px) 100vw, 902px\" \/><\/a><strong><u>L\u00e9gendes\u00a0: <\/u><\/strong><\/p>\n<p><strong>Man.\u00a0= Manuels scolaires<\/strong><\/p>\n<p><strong>1 = 000\u00a0: G\u00e9n\u00e9ralit\u00e9s \/ 100\u00a0: Philosophie \/ 200\u00a0: Religion<\/strong><\/p>\n<p><strong>2 = 300\u00a0: Sciences sociales \/ 400\u00a0: Langues\u00a0\u00a0\u00a0\u00a0\u00a0\u00a0\u00a0\u00a0\u00a0\u00a0\u00a0\u00a0\u00a0\u00a0\u00a0\u00a0\u00a0\u00a0\u00a0\u00a0\u00a0\u00a0\u00a0\u00a0\u00a0\u00a0\u00a0\u00a0\u00a0\u00a0\u00a0\u00a0\u00a0\u00a0\u00a0\u00a0\u00a0\u00a0\u00a0\u00a0\u00a0\u00a0\u00a0\u00a0\u00a0\u00a0\u00a0\u00a0\u00a0\u00a0\u00a0\u00a0\u00a0\u00a0\u00a0\u00a0\u00a0\u00a0\u00a0\u00a0\u00a0 <\/strong><\/p>\n<p><strong>3 = 500\u00a0: Sciences pures \/ 600\u00a0: Technologie\u00a0\u00a0\u00a0\u00a0\u00a0\u00a0\u00a0\u00a0\u00a0\u00a0\u00a0\u00a0\u00a0\u00a0\u00a0\u00a0\u00a0\u00a0\u00a0\u00a0\u00a0\u00a0\u00a0\u00a0\u00a0\u00a0\u00a0\u00a0\u00a0\u00a0\u00a0\u00a0\u00a0\u00a0\u00a0\u00a0\u00a0\u00a0\u00a0\u00a0\u00a0\u00a0\u00a0\u00a0\u00a0 \u00a0\u00a0\u00a0\u00a0\u00a0\u00a0\u00a0\u00a0\u00a0\u00a0\u00a0 Les documentaires<\/strong><\/p>\n<p><strong>4 = 700\u00a0: Beaux-arts \/ 800\u00a0: Litt\u00e9rature<\/strong><\/p>\n<p><strong>5 = 900\u00a0: Histoire, G\u00e9ographie<\/strong><\/p>\n<p><strong>6 = Encyclop\u00e9die<\/strong><\/p>\n<p><strong>7 = Dictionnaires<\/strong><\/p>\n<p><strong><br \/>\n9\u00a0= Romans policiers \/ Romans sentimentaux<\/strong><\/p>\n<p><strong>10 = Romans d\u2019aventure<\/strong><\/p>\n<p><strong>11 = Romans d\u2019horreurs \/ Romans <\/strong><\/p>\n<p><strong>12 = Romans historiques \/ Romans animaliers\u00a0\u00a0\u00a0\u00a0\u00a0\u00a0\u00a0\u00a0\u00a0\u00a0\u00a0\u00a0\u00a0\u00a0\u00a0\u00a0\u00a0\u00a0\u00a0\u00a0\u00a0\u00a0\u00a0\u00a0\u00a0\u00a0\u00a0\u00a0\u00a0\u00a0\u00a0\u00a0\u00a0\u00a0\u00a0\u00a0\u00a0\u00a0\u00a0\u00a0\u00a0\u00a0\u00a0\u00a0\u00a0\u00a0\u00a0\u00a0\u00a0\u00a0\u00a0 Les fictions<br \/>\n<\/strong><\/p>\n<p><strong>13 = Romans de faits de soci\u00e9t\u00e9 et Romans fantastiques<\/strong><\/p>\n<p><strong>Alb. = Albums<\/strong><\/p>\n<p><strong>Alb. Tah. = Albums Tahitients<\/strong><\/p>\n<p><strong>BD = Bande-dessin\u00e9e<\/strong><\/p>\n<p><strong>Manga = Fond manga<\/strong><\/p>\n<p>&nbsp;<\/p>\n<p><strong>FP = Fonds polyn\u00e9siens<\/strong><\/p>\n<p><strong>KO = Kiosque Onisep<\/strong><\/p>\n<p><strong>P\u00e9riod. = P\u00e9riodiques<\/strong><\/p>\n<p><strong>\u00a0<\/strong><\/p>\n","protected":false},"excerpt":{"rendered":"<p>L\u00e9gendes\u00a0: Man.\u00a0= Manuels scolaires 1 = 000\u00a0: G\u00e9n\u00e9ralit\u00e9s \/ 100\u00a0: Philosophie \/ 200\u00a0: Religion 2 = 300\u00a0: Sciences sociales \/ &hellip; <\/p>\n","protected":false},"author":1,"featured_media":6313,"parent":5808,"menu_order":0,"comment_status":"closed","ping_status":"closed","template":"full-width-page.php","meta":{"_acf_changed":false,"footnotes":""},"class_list":["post-5813","page","type-page","status-publish","has-post-thumbnail","hentry"],"acf":[],"_links":{"self":[{"href":"http:\/\/www.collegedehitiaa.ama.pf\/index.php\/wp-json\/wp\/v2\/pages\/5813","targetHints":{"allow":["GET"]}}],"collection":[{"href":"http:\/\/www.collegedehitiaa.ama.pf\/index.php\/wp-json\/wp\/v2\/pages"}],"about":[{"href":"http:\/\/www.collegedehitiaa.ama.pf\/index.php\/wp-json\/wp\/v2\/types\/page"}],"author":[{"embeddable":true,"href":"http:\/\/www.collegedehitiaa.ama.pf\/index.php\/wp-json\/wp\/v2\/users\/1"}],"replies":[{"embeddable":true,"href":"http:\/\/www.collegedehitiaa.ama.pf\/index.php\/wp-json\/wp\/v2\/comments?post=5813"}],"version-history":[{"count":5,"href":"http:\/\/www.collegedehitiaa.ama.pf\/index.php\/wp-json\/wp\/v2\/pages\/5813\/revisions"}],"predecessor-version":[{"id":6319,"href":"http:\/\/www.collegedehitiaa.ama.pf\/index.php\/wp-json\/wp\/v2\/pages\/5813\/revisions\/6319"}],"up":[{"embeddable":true,"href":"http:\/\/www.collegedehitiaa.ama.pf\/index.php\/wp-json\/wp\/v2\/pages\/5808"}],"wp:featuredmedia":[{"embeddable":true,"href":"http:\/\/www.collegedehitiaa.ama.pf\/index.php\/wp-json\/wp\/v2\/media\/6313"}],"wp:attachment":[{"href":"http:\/\/www.collegedehitiaa.ama.pf\/index.php\/wp-json\/wp\/v2\/media?parent=5813"}],"curies":[{"name":"wp","href":"https:\/\/api.w.org\/{rel}","templated":true}]}}