{"id":5808,"date":"2018-10-05T13:17:57","date_gmt":"2018-10-05T23:17:57","guid":{"rendered":"http:\/\/www.collegedehitiaa.ama.pf\/?page_id=5808"},"modified":"2025-01-24T07:03:38","modified_gmt":"2025-01-24T17:03:38","slug":"cdi","status":"publish","type":"page","link":"http:\/\/www.collegedehitiaa.ama.pf\/index.php\/enseignements\/cdi\/","title":{"rendered":"CDI (Centre de Documentation et d&rsquo;Information)"},"content":{"rendered":"<p><strong><span style=\"text-decoration: underline;\">Les horaires d&rsquo;ouverture :<\/span><\/strong><\/p>\n<p>Le lundi, le mardi et le jeudi : De 06h45 \u00e0 15h00<\/p>\n<p>Le vendredi : De 06h45 \u00e0 12h00<\/p>\n<p><strong><span style=\"text-decoration: underline;\">Le personnel :<\/span><\/strong><\/p>\n<p>Mme de Boischevalier, professeur-documentaliste<\/p>\n<p><span style=\"text-decoration: underline;\"><strong>Les missions du professeur-documentaliste :<\/strong><\/span><\/p>\n<p>Le professeur-documentaliste est en charge du C.D.I, propose des partenariats pour des projets p\u00e9dagogiques, enseigne aux \u00e9l\u00e8ves sur l&rsquo;E.M.I (Education aux m\u00e9dias et \u00e0 l&rsquo;information) et d\u00e9veloppe la lecture aupr\u00e8s des \u00e9l\u00e8ves.<\/p>\n","protected":false},"excerpt":{"rendered":"<p>Les horaires d&rsquo;ouverture : Le lundi, le mardi et le jeudi : De 06h45 \u00e0 15h00 Le vendredi : De &hellip; <\/p>\n","protected":false},"author":1,"featured_media":0,"parent":5724,"menu_order":0,"comment_status":"closed","ping_status":"closed","template":"","meta":{"_acf_changed":false,"footnotes":""},"class_list":["post-5808","page","type-page","status-publish","hentry"],"acf":[],"_links":{"self":[{"href":"http:\/\/www.collegedehitiaa.ama.pf\/index.php\/wp-json\/wp\/v2\/pages\/5808","targetHints":{"allow":["GET"]}}],"collection":[{"href":"http:\/\/www.collegedehitiaa.ama.pf\/index.php\/wp-json\/wp\/v2\/pages"}],"about":[{"href":"http:\/\/www.collegedehitiaa.ama.pf\/index.php\/wp-json\/wp\/v2\/types\/page"}],"author":[{"embeddable":true,"href":"http:\/\/www.collegedehitiaa.ama.pf\/index.php\/wp-json\/wp\/v2\/users\/1"}],"replies":[{"embeddable":true,"href":"http:\/\/www.collegedehitiaa.ama.pf\/index.php\/wp-json\/wp\/v2\/comments?post=5808"}],"version-history":[{"count":3,"href":"http:\/\/www.collegedehitiaa.ama.pf\/index.php\/wp-json\/wp\/v2\/pages\/5808\/revisions"}],"predecessor-version":[{"id":9143,"href":"http:\/\/www.collegedehitiaa.ama.pf\/index.php\/wp-json\/wp\/v2\/pages\/5808\/revisions\/9143"}],"up":[{"embeddable":true,"href":"http:\/\/www.collegedehitiaa.ama.pf\/index.php\/wp-json\/wp\/v2\/pages\/5724"}],"wp:attachment":[{"href":"http:\/\/www.collegedehitiaa.ama.pf\/index.php\/wp-json\/wp\/v2\/media?parent=5808"}],"curies":[{"name":"wp","href":"https:\/\/api.w.org\/{rel}","templated":true}]}}