{"id":5752,"date":"2018-10-05T12:47:45","date_gmt":"2018-10-05T22:47:45","guid":{"rendered":"http:\/\/www.collegedehitiaa.ama.pf\/?page_id=5752"},"modified":"2018-10-05T12:47:45","modified_gmt":"2018-10-05T22:47:45","slug":"liens-internet-sur-la-physique-chimie","status":"publish","type":"page","link":"http:\/\/www.collegedehitiaa.ama.pf\/index.php\/enseignements\/physique-chimie\/liens-internet-sur-la-physique-chimie\/","title":{"rendered":"Liens Internet sur la Physique-Chimie"},"content":{"rendered":"<p><a href=\"http:\/\/www.espace-sciences.org\/juniors\/experiences\/rubrique\" target=\"_blank\" rel=\"noopener noreferrer\">Juniors exp\u00e9riences<\/a><\/p>\n<p><a href=\"http:\/\/physiquecollege.free.fr\/\" target=\"_blank\" rel=\"noopener noreferrer\">Physique Chimie Coll\u00e8ge Lyc\u00e9e<\/a><\/p>\n<p><a href=\"http:\/\/www.labosvj.fr\/\" target=\"_blank\" rel=\"noopener noreferrer\">Science et vie junior<\/a><\/p>\n<p><a href=\"http:\/\/gwenaelm.free.fr\/Physique\/\" target=\"_blank\" rel=\"noopener noreferrer\">Gwenaelm<\/a><\/p>\n<p><a href=\"http:\/\/www.futura-sciences.com\/videos\/\" target=\"_blank\" rel=\"noopener noreferrer\">Forum futura-sciences<\/a><\/p>\n","protected":false},"excerpt":{"rendered":"<p>Juniors exp\u00e9riences Physique Chimie Coll\u00e8ge Lyc\u00e9e Science et vie junior Gwenaelm Forum futura-sciences<\/p>\n","protected":false},"author":1,"featured_media":0,"parent":5726,"menu_order":0,"comment_status":"closed","ping_status":"closed","template":"full-width-page.php","meta":{"_acf_changed":false,"footnotes":""},"class_list":["post-5752","page","type-page","status-publish","hentry"],"acf":[],"_links":{"self":[{"href":"http:\/\/www.collegedehitiaa.ama.pf\/index.php\/wp-json\/wp\/v2\/pages\/5752","targetHints":{"allow":["GET"]}}],"collection":[{"href":"http:\/\/www.collegedehitiaa.ama.pf\/index.php\/wp-json\/wp\/v2\/pages"}],"about":[{"href":"http:\/\/www.collegedehitiaa.ama.pf\/index.php\/wp-json\/wp\/v2\/types\/page"}],"author":[{"embeddable":true,"href":"http:\/\/www.collegedehitiaa.ama.pf\/index.php\/wp-json\/wp\/v2\/users\/1"}],"replies":[{"embeddable":true,"href":"http:\/\/www.collegedehitiaa.ama.pf\/index.php\/wp-json\/wp\/v2\/comments?post=5752"}],"version-history":[{"count":1,"href":"http:\/\/www.collegedehitiaa.ama.pf\/index.php\/wp-json\/wp\/v2\/pages\/5752\/revisions"}],"predecessor-version":[{"id":5753,"href":"http:\/\/www.collegedehitiaa.ama.pf\/index.php\/wp-json\/wp\/v2\/pages\/5752\/revisions\/5753"}],"up":[{"embeddable":true,"href":"http:\/\/www.collegedehitiaa.ama.pf\/index.php\/wp-json\/wp\/v2\/pages\/5726"}],"wp:attachment":[{"href":"http:\/\/www.collegedehitiaa.ama.pf\/index.php\/wp-json\/wp\/v2\/media?parent=5752"}],"curies":[{"name":"wp","href":"https:\/\/api.w.org\/{rel}","templated":true}]}}