{"id":5733,"date":"2018-10-05T12:46:57","date_gmt":"2018-10-05T22:46:57","guid":{"rendered":"http:\/\/www.collegedehitiaa.ama.pf\/?page_id=5733"},"modified":"2018-10-05T12:46:57","modified_gmt":"2018-10-05T22:46:57","slug":"animation","status":"publish","type":"page","link":"http:\/\/www.collegedehitiaa.ama.pf\/index.php\/enseignements\/physique-chimie\/animation\/","title":{"rendered":"Animation"},"content":{"rendered":"<p><a href=\"https:\/\/learn.genetics.utah.edu\/content\/cells\/scale\/\">Du grain de caf\u00e9 \u00e0 l&rsquo;atome carbone<\/a><\/p>\n<p><a href=\"http:\/\/www.universcience.tv\/categorie-relief-de-l-invisible-609.html\">Vid\u00e9o sur la mati\u00e8re<\/a><\/p>\n<p><a href=\"http:\/\/www.pccl.fr\/physique_chimie_college_lycee\/cinquieme\/electricite\/conducteurs_isolants.htm\">Conduction \u00e9lectrique <\/a><\/p>\n<p><a href=\"http:\/\/www.cea.fr\/multimedia\/Pages\/animations\/physique-chimie\/pression.aspx\">Pression d&rsquo;un pneu<\/a><\/p>\n<p><a href=\"http:\/\/www.pedagogie.ac-nantes.fr\/html\/peda\/scphys\/flash\/Puissance10.swf\">Puissance de 10<\/a><\/p>\n<p><a href=\"https:\/\/www.youtube.com\/watch?v=jXYttqRJCEk\">La mati\u00e8re<\/a><\/p>\n<p><a href=\"https:\/\/www.dailymotion.com\/video\/xmldtf\">L&rsquo;atmosph\u00e8re<\/a><\/p>\n","protected":false},"excerpt":{"rendered":"<p>Du grain de caf\u00e9 \u00e0 l&rsquo;atome carbone Vid\u00e9o sur la mati\u00e8re Conduction \u00e9lectrique Pression d&rsquo;un pneu Puissance de 10 La &hellip; <\/p>\n","protected":false},"author":1,"featured_media":0,"parent":5726,"menu_order":0,"comment_status":"closed","ping_status":"closed","template":"full-width-page.php","meta":{"_acf_changed":false,"footnotes":""},"class_list":["post-5733","page","type-page","status-publish","hentry"],"acf":[],"_links":{"self":[{"href":"http:\/\/www.collegedehitiaa.ama.pf\/index.php\/wp-json\/wp\/v2\/pages\/5733","targetHints":{"allow":["GET"]}}],"collection":[{"href":"http:\/\/www.collegedehitiaa.ama.pf\/index.php\/wp-json\/wp\/v2\/pages"}],"about":[{"href":"http:\/\/www.collegedehitiaa.ama.pf\/index.php\/wp-json\/wp\/v2\/types\/page"}],"author":[{"embeddable":true,"href":"http:\/\/www.collegedehitiaa.ama.pf\/index.php\/wp-json\/wp\/v2\/users\/1"}],"replies":[{"embeddable":true,"href":"http:\/\/www.collegedehitiaa.ama.pf\/index.php\/wp-json\/wp\/v2\/comments?post=5733"}],"version-history":[{"count":2,"href":"http:\/\/www.collegedehitiaa.ama.pf\/index.php\/wp-json\/wp\/v2\/pages\/5733\/revisions"}],"predecessor-version":[{"id":5751,"href":"http:\/\/www.collegedehitiaa.ama.pf\/index.php\/wp-json\/wp\/v2\/pages\/5733\/revisions\/5751"}],"up":[{"embeddable":true,"href":"http:\/\/www.collegedehitiaa.ama.pf\/index.php\/wp-json\/wp\/v2\/pages\/5726"}],"wp:attachment":[{"href":"http:\/\/www.collegedehitiaa.ama.pf\/index.php\/wp-json\/wp\/v2\/media?parent=5733"}],"curies":[{"name":"wp","href":"https:\/\/api.w.org\/{rel}","templated":true}]}}