{"id":5731,"date":"2018-10-05T06:59:08","date_gmt":"2018-10-05T16:59:08","guid":{"rendered":"http:\/\/www.collegedehitiaa.ama.pf\/?page_id=5731"},"modified":"2018-10-05T06:59:08","modified_gmt":"2018-10-05T16:59:08","slug":"quest-ce-quon-etudie-en-physique-chimie","status":"publish","type":"page","link":"http:\/\/www.collegedehitiaa.ama.pf\/index.php\/enseignements\/physique-chimie\/quest-ce-quon-etudie-en-physique-chimie\/","title":{"rendered":"Qu&rsquo;est-ce qu&rsquo;on \u00e9tudie en Physique-Chimie ?"},"content":{"rendered":"<h2>LES SCIENCES PHYSIQUES ET CHIMIQUES AU COLLEGE<\/h2>\n<p>Le cours de SCIENCES PHYSIQUES ET CHIMIQUES (ou \u00ab\u00a0PHYSIQUE-CHIMIE) commence en classe de 5\u00e8me.<\/p>\n<h3>EN CLASSE DE 5<sup>\u00e8me<\/sup>\u00a0: \u00ab\u00a0On d\u00e9couvre\u00a0\u00bb<\/h3>\n<p>Les \u00e9l\u00e8ves ont\u00a01h30 de cours par semaine.<\/p>\n<h5>Le programme de Sciences Physiques de 5<sup>\u00e8me<\/sup>\u00a0est d\u00e9coup\u00e9 en 3 grandes parties\u00a0:<\/h5>\n<p>&#8211; une partie CHIMIE\u00a0: \u00ab\u00a0L\u2019Eau dans notre environnement \u2013 m\u00e9langes et corps purs\u00a0\u00bb.<\/p>\n<p>&#8211; une 1<sup>\u00e8re<\/sup>\u00a0partie de PHYSIQUE\u00a0en rapport avec l\u2019ELECTRICITE\u00a0: \u00ab\u00a0Les circuits \u00e9lectriques en courant continu \u2013 \u00e9tude qualitative\u00a0\u00bb<\/p>\n<p>&#8211; une 2<sup>\u00e8me<\/sup>\u00a0partie de PHYSIQUE en rapport avec l\u2019OPTIQUE\u00a0: \u00ab\u00a0La lumi\u00e8re\u00a0: sources et propagation rectiligne\u00a0\u00bb.<\/p>\n<h3>EN CLASSE DE 4<sup>\u00e8me<\/sup>\u00a0: \u00ab\u00a0On approfondit\u00a0\u00bb<\/h3>\n<p>Les \u00e9l\u00e8ves ont toujours 1h30 de cours par semaine.<\/p>\n<p>Le programme de Sciences Physiques de 4<sup>\u00e8me<\/sup>\u00a0est \u00e9galement d\u00e9coup\u00e9 en 3 grandes parties\u00a0:<\/p>\n<p>&#8211; une partie CHIMIE\u00a0: apr\u00e8s l\u2019\u00e9tude de l\u2019EAU en 5<sup>\u00e8me<\/sup>, c\u2019est l\u2019AIR qui est \u00e9tudi\u00e9 en 4<sup>\u00e8me<\/sup>avec un approfondissement au niveau microscopique\u00a0de la mati\u00e8re: \u00ab\u00a0De l\u2019air qui nous entoure \u00e0 la mol\u00e9cule\u00a0\u00bb.<\/p>\n<p>&#8211; la suite de \u00a0l\u2019ELECTRICITE\u00a0commenc\u00e9e en 5<sup>\u00e8me<\/sup>\u00a0: \u00ab\u00a0Les lois du courant continu \u00bb.<\/p>\n<p>&#8211; une 2<sup>\u00e8me<\/sup>\u00a0partie de PHYSIQUE qui prolonge l\u2019\u00e9tude de la LUMIERE d\u00e9but\u00e9e en 5<sup>\u00e8me<\/sup>\u00a0: \u00ab\u00a0La lumi\u00e8re\u00a0: couleurs, images, vitesse\u00a0\u00bb.<\/p>\n<h3>EN CLASSE DE 3<sup>\u00e8me<\/sup>\u00a0: \u00ab\u00a0En route vers la seconde !\u00a0\u00bb<\/h3>\n<p>Les \u00e9l\u00e8ves ont 2h de cours par semaine.<\/p>\n<h5>Le programme est organis\u00e9 en 3 grandes parties\u00a0ayant pour th\u00e8mes :<\/h5>\n<p>&#8211; \u00ab\u00a0La Chimie, science de la transformation de la mati\u00e8re\u00a0\u00bb<\/p>\n<p>&#8211; \u00ab\u00a0 Energie \u00e9lectrique et circuits \u00e9lectriques en alternatif\u00a0\u00bb<\/p>\n<p>&#8211; \u00ab\u00a0De la gravitation\u2026 \u00e0 l\u2019\u00e9nergie m\u00e9canique\u00a0\u00bb.<\/p>\n","protected":false},"excerpt":{"rendered":"<p>LES SCIENCES PHYSIQUES ET CHIMIQUES AU COLLEGE Le cours de SCIENCES PHYSIQUES ET CHIMIQUES (ou \u00ab\u00a0PHYSIQUE-CHIMIE) commence en classe de &hellip; <\/p>\n","protected":false},"author":1,"featured_media":0,"parent":5726,"menu_order":0,"comment_status":"closed","ping_status":"closed","template":"","meta":{"_acf_changed":false,"footnotes":""},"class_list":["post-5731","page","type-page","status-publish","hentry"],"acf":[],"_links":{"self":[{"href":"http:\/\/www.collegedehitiaa.ama.pf\/index.php\/wp-json\/wp\/v2\/pages\/5731","targetHints":{"allow":["GET"]}}],"collection":[{"href":"http:\/\/www.collegedehitiaa.ama.pf\/index.php\/wp-json\/wp\/v2\/pages"}],"about":[{"href":"http:\/\/www.collegedehitiaa.ama.pf\/index.php\/wp-json\/wp\/v2\/types\/page"}],"author":[{"embeddable":true,"href":"http:\/\/www.collegedehitiaa.ama.pf\/index.php\/wp-json\/wp\/v2\/users\/1"}],"replies":[{"embeddable":true,"href":"http:\/\/www.collegedehitiaa.ama.pf\/index.php\/wp-json\/wp\/v2\/comments?post=5731"}],"version-history":[{"count":1,"href":"http:\/\/www.collegedehitiaa.ama.pf\/index.php\/wp-json\/wp\/v2\/pages\/5731\/revisions"}],"predecessor-version":[{"id":5732,"href":"http:\/\/www.collegedehitiaa.ama.pf\/index.php\/wp-json\/wp\/v2\/pages\/5731\/revisions\/5732"}],"up":[{"embeddable":true,"href":"http:\/\/www.collegedehitiaa.ama.pf\/index.php\/wp-json\/wp\/v2\/pages\/5726"}],"wp:attachment":[{"href":"http:\/\/www.collegedehitiaa.ama.pf\/index.php\/wp-json\/wp\/v2\/media?parent=5731"}],"curies":[{"name":"wp","href":"https:\/\/api.w.org\/{rel}","templated":true}]}}