{"id":5729,"date":"2018-10-05T06:58:29","date_gmt":"2018-10-05T16:58:29","guid":{"rendered":"http:\/\/www.collegedehitiaa.ama.pf\/?page_id=5729"},"modified":"2018-10-05T06:58:29","modified_gmt":"2018-10-05T16:58:29","slug":"quest-ce-que-la-physique-chimie","status":"publish","type":"page","link":"http:\/\/www.collegedehitiaa.ama.pf\/index.php\/enseignements\/physique-chimie\/quest-ce-que-la-physique-chimie\/","title":{"rendered":"Qu&rsquo;est-ce que la Physique-Chimie ?"},"content":{"rendered":"<p>Extrait d\u2019un livre\u00a0: <em>Si la chimie m\u2019\u00e9tait cont\u00e9e<\/em>, Paul Arnaud\u00a0:<\/p>\n<p>Tout d\u2019abord, Physique et Chimie sont deux disciplines scientifiques diff\u00e9rentes mais pas totalement ind\u00e9pendantes.<\/p>\n<p>* La Physique nous permet de comprendre ce que nous observons de fa\u00e7on g\u00e9n\u00e9rale autour de nous : ce sont les m\u00eames lois qui r\u00e9gissent les ph\u00e9nom\u00e8nes de la vie de tous les jours et les exp\u00e9riences conduites dans les laboratoires \u00e0 la pointe de la recherche. Ainsi, on pourra expliquer pourquoi une pomme tombe lorsqu\u2019on la l\u00e2che de la m\u00eame mani\u00e8re qu\u2019on tentera de comprendre comment on peut envoyer des sondes spatiales en orbite autour de plan\u00e8tes distantes de plusieurs millions de kilom\u00e8tres. On pourra \u00e9galement comprendre ce qu\u2019est l\u2019\u00e9lectricit\u00e9 ou encore la lumi\u00e8re et ses nombreuses propri\u00e9t\u00e9s. Comment un avion peut-il voler ? Pourquoi un bateau en acier ne coule-t-il pas ? Comment fonctionne une t\u00e9l\u00e9vision ? Qu\u2019est-ce que le son ? Voil\u00e0 plusieurs questions auxquelles la Physique permet de r\u00e9pondre.<\/p>\n<p>* La Chimie permet elle aussi d\u2019expliquer un grand nombre de ph\u00e9nom\u00e8nes. On se repr\u00e9sente souvent le chimiste en train de m\u00e9langer des produits myst\u00e9rieux dans des r\u00e9cipients compliqu\u00e9s pendant que d\u2019autres bouillonnent et changent de couleur dans une atmosph\u00e8re remplie de vapeurs naus\u00e9abondes\u2026 Ce qui est souvent pas faux mais ne repr\u00e9sente qu\u2019une petite partie de la r\u00e9alit\u00e9. En effet, la Chimie est la science des transformations observables lors de la mise en contact de plusieurs substances qui, \u00e0 la suite d\u2019une r\u00e9action chimique, disparaissent, se transforment et donnent naissance \u00e0 d\u2019autres substances.<\/p>\n<p><strong>Quelques exemples :<\/strong><\/p>\n<p>Le comprim\u00e9 effervescent qui, en se dissolvant dans l\u2019eau, produit un gaz dont les petites bulles montent \u00e0 la surface. Ce gaz (dioxyde de carbone) provient d\u2019une r\u00e9action entre l\u2019eau et certains constituants du comprim\u00e9 !<\/p>\n<p>L\u2019effaceur d\u2019encre, qui contient une substance capable de transformer par une r\u00e9action le colorant de l\u2019encre en une substance incolore. La formation de la rouille qui n\u2019est rien d\u2019autre qu\u2019une r\u00e9action entre le fer et le dioxyg\u00e8ne de l\u2019air etc.<\/p>\n<p>Tir\u00e9 de <em>Si la chimie m\u2019\u00e9tait cont\u00e9e<\/em>, Paul Arnaud, Editions Belin, 2002.<\/p>\n<p>La Physique Chimie est l\u2019un des piliers de la comp\u00e9tence 3 du socle commun de connaissances, de comp\u00e9tences et de culture. C\u2019est en essayant de partir d\u2019exemple concret de la vie courante que l\u2019on peut donner du sens \u00e0 la d\u00e9marche scientifique et ainsi faire en sorte que les \u00e9l\u00e8ves se l\u2019approprient petit \u00e0 petit.<\/p>\n","protected":false},"excerpt":{"rendered":"<p>Extrait d\u2019un livre\u00a0: Si la chimie m\u2019\u00e9tait cont\u00e9e, Paul Arnaud\u00a0: Tout d\u2019abord, Physique et Chimie sont deux disciplines scientifiques diff\u00e9rentes &hellip; <\/p>\n","protected":false},"author":1,"featured_media":0,"parent":5726,"menu_order":0,"comment_status":"closed","ping_status":"closed","template":"","meta":{"_acf_changed":false,"footnotes":""},"class_list":["post-5729","page","type-page","status-publish","hentry"],"acf":[],"_links":{"self":[{"href":"http:\/\/www.collegedehitiaa.ama.pf\/index.php\/wp-json\/wp\/v2\/pages\/5729","targetHints":{"allow":["GET"]}}],"collection":[{"href":"http:\/\/www.collegedehitiaa.ama.pf\/index.php\/wp-json\/wp\/v2\/pages"}],"about":[{"href":"http:\/\/www.collegedehitiaa.ama.pf\/index.php\/wp-json\/wp\/v2\/types\/page"}],"author":[{"embeddable":true,"href":"http:\/\/www.collegedehitiaa.ama.pf\/index.php\/wp-json\/wp\/v2\/users\/1"}],"replies":[{"embeddable":true,"href":"http:\/\/www.collegedehitiaa.ama.pf\/index.php\/wp-json\/wp\/v2\/comments?post=5729"}],"version-history":[{"count":1,"href":"http:\/\/www.collegedehitiaa.ama.pf\/index.php\/wp-json\/wp\/v2\/pages\/5729\/revisions"}],"predecessor-version":[{"id":5730,"href":"http:\/\/www.collegedehitiaa.ama.pf\/index.php\/wp-json\/wp\/v2\/pages\/5729\/revisions\/5730"}],"up":[{"embeddable":true,"href":"http:\/\/www.collegedehitiaa.ama.pf\/index.php\/wp-json\/wp\/v2\/pages\/5726"}],"wp:attachment":[{"href":"http:\/\/www.collegedehitiaa.ama.pf\/index.php\/wp-json\/wp\/v2\/media?parent=5729"}],"curies":[{"name":"wp","href":"https:\/\/api.w.org\/{rel}","templated":true}]}}