{"id":5612,"date":"2018-10-04T19:20:28","date_gmt":"2018-10-05T05:20:28","guid":{"rendered":"http:\/\/www.collegedehitiaa.ama.pf\/?page_id=5612"},"modified":"2018-10-05T06:21:54","modified_gmt":"2018-10-05T16:21:54","slug":"charte-internet-et-informatique-du-college-de-hitiaa-o-te-ra","status":"publish","type":"page","link":"http:\/\/www.collegedehitiaa.ama.pf\/index.php\/reglement-interieur-et-la-charte-informatique-et-internet\/charte-internet-et-informatique-du-college-de-hitiaa-o-te-ra\/","title":{"rendered":"Charte Internet et Informatique du coll\u00e8ge de Hitia&rsquo;a O Te Ra"},"content":{"rendered":"<p>Cette charte a pour objet de d\u00e9finir les conditions d&rsquo;utilisation d&rsquo;internet et du mat\u00e9riel informatique dans le cadre des activit\u00e9s p\u00e9dagogiques du coll\u00e8ge.<\/p>\n<p>Elle s&rsquo;appuie sur les r\u00e8gles et lois en vigueur telles que la<\/p>\n<ul type=\"disc\">\n<li>La charte de l&rsquo;\u00e9ducation du<\/li>\n<li>Loi sur la libert\u00e9 de la presse du 29 juillet 1881.<\/li>\n<li>Loi n\u00b0 78-17 informatique libert\u00e9 du 6 janvier 1978.<\/li>\n<li>Loi n\u00b0 82.652 sur la communication audiovisuelle du 29 juillet 1982 modifi\u00e9e le 30 septembre 1986.<\/li>\n<\/ul>\n<div><\/div>\n<div><\/div>\n<p><strong>I- CHARTE INFORMATIQUE<\/strong><\/p>\n<p>Les r\u00e8gles et obligations s&rsquo;appliquent \u00e0 toute personne, \u00e9l\u00e8ve, enseignant, personnel administratif ou technique, autoris\u00e9 \u00e0 utiliser le r\u00e9seau p\u00e9dagogique du coll\u00e8ge de Hitia&rsquo;a O Te Ra.<\/p>\n<div><\/div>\n<p>L&rsquo;utilisation des moyens informatiques du coll\u00e8ge a pour objet exclusif de mener des activit\u00e9s d&rsquo;enseignement et\/ou de documentation.<\/p>\n<div><\/div>\n<p><strong>Article 1 : <\/strong>Chaque utilisateur se voit attribu\u00e9 un compte informatique (nom d&rsquo;utilisateur et mot de passe) qui lui permet de se connecter \u00e0 tout ou partie du r\u00e9seau p\u00e9dagogique.<\/p>\n<div><\/div>\n<p>Les codes sont personnels, incessibles et strictement confidentiels.<\/p>\n<p>Chaque utilisateur est responsable de l&rsquo;usage qui en est fait.<\/p>\n<div><\/div>\n<p>L&rsquo;utilisateur pr\u00e9viendra l&rsquo;administrateur si son mot de passe ne lui permet plus de se connecter, ou s&rsquo;il lui semble qu&rsquo;il a \u00e9t\u00e9 utilis\u00e9 frauduleusement.<\/p>\n<div><\/div>\n<p><strong>Article 2 : <\/strong>Chaque utilisateur s&rsquo;engage \u00e0 respecter les r\u00e8gles de la d\u00e9ontologie informatique et notamment \u00e0 ne pas effectuer intentionnellement des op\u00e9rations qui pourraient avoir pour cons\u00e9quences :<\/p>\n<ul type=\"disc\">\n<li>de masquer sa v\u00e9ritable identit\u00e9 (un utilisateur doit, par exemple indiquer sa v\u00e9ritable identit\u00e9 dans les correspondances \u00e9lectroniques. Les pseudonymes sont interdits).<\/li>\n<li>De s&rsquo;approprier le mot de passe d&rsquo;un autre utilisateur.<\/li>\n<li>De modifier ou de d\u00e9truire des informations ne lui appartenant pas (r\u00e9pertoires, documents, donn\u00e9es, \u2026)<\/li>\n<li>D&rsquo;installer des logiciels ou d&rsquo;en faire des copies, sauf autorisation pr\u00e9alable de l&rsquo;administrateur.<\/li>\n<li>D&rsquo;acc\u00e9der \u00e0 des informations appartenant \u00e0 d&rsquo;autres utilisateurs sans leur autorisation.<\/li>\n<li>D&rsquo;interrompre le fonctionnement normal du r\u00e9seau.<\/li>\n<\/ul>\n<div><\/div>\n<p><strong>Article 3 : <\/strong>Chaque utilisateur s&rsquo;engage \u00e0 prendre soin du mat\u00e9riel et des locaux informatiques mis \u00e0 la disposition commune. Il doit informer l&rsquo;administrateur de toute anomalie constat\u00e9e.<\/p>\n<div><\/div>\n<p>L&rsquo;enregistrement des travaux doit \u00eatre effectu\u00e9 dans les espaces pr\u00e9vus \u00e0 cet effet, \u00e0 l&rsquo;exception de tout autre. Tout document enregistr\u00e9 dans un espace non appropri\u00e9 sera supprim\u00e9 sans autre avertissement.<\/p>\n<div><\/div>\n<p>Pour des raisons \u00e9conomiques (papier, encre \u2026), l&rsquo;impression de documents volumineux n&rsquo;est pas autoris\u00e9. On demande aux \u00e9l\u00e8ves de se limiter \u00e0 une page, sauf accord particulier. Toute impression est soumise \u00e0 l&rsquo;autorisation de l&rsquo;adulte responsable de l&rsquo;activit\u00e9.<\/p>\n<div><\/div>\n<p>En cas de non respect des articles ci-dessus par un utilisateur, son compte sera ferm\u00e9 et il s&rsquo;expose aux mesures disciplinaires et\/ou p\u00e9nales pr\u00e9vus par les lois et r\u00e8glements en vigueur.<\/p>\n<div><\/div>\n<div><\/div>\n<div><\/div>\n<p><strong>II-\u00a0\u00a0\u00a0\u00a0\u00a0\u00a0\u00a0\u00a0\u00a0\u00a0\u00a0 <\/strong><strong>CHARTE INTERNET<\/strong><\/p>\n<div><\/div>\n<p>L&rsquo;utilisation de l&rsquo;internet en milieu scolaire a pour but de favoriser l&rsquo;\u00e9panouissement des \u00e9l\u00e8ves, d&rsquo;en faire des citoyens cultiv\u00e9s et responsables de leur choix.<\/p>\n<div><\/div>\n<p>L&rsquo;acc\u00e8s au r\u00e9seau internet n&rsquo;est pas un droit, mais un privil\u00e8ge.<\/p>\n<div><\/div>\n<p>Chacun doit \u00eatre conscient aussi bien de la puissance de cet outil que des risques induits par son utilisation par des jeunes \u00e9l\u00e8ves.<\/p>\n<p>Un certain nombre de r\u00e8gles doivent \u00eatre respect\u00e9es.<\/p>\n<div><\/div>\n<p>L&rsquo;usage d&rsquo;internet est r\u00e9serv\u00e9 aux recherches documentaires, dans le cadre d&rsquo;objectifs p\u00e9dagogiques et\/ou \u00e9ducatif.<\/p>\n<p>C&rsquo;est \u00e0 dire : fiches de cours, exercices en ligne, sujets et corrig\u00e9s, orientation scolaire et professionnelle, validation de comp\u00e9tences \u2026<\/p>\n<ul type=\"disc\">\n<li>Les \u00e9changes de courriels les \u00ab\u00a0chats\u00a0\u00bb, les d\u00e9p\u00f4ts de commentaires sur les \u00ab\u00a0blogs\u00a0\u00bb et d&rsquo;une fa\u00e7on g\u00e9n\u00e9rales toute \u00e9mission de messages ou \u00e9change de documents, se font sous le contr\u00f4le d&rsquo;un adulte et avec son autorisation expresse.<\/li>\n<li>L&rsquo;acc\u00e8s en libre-service, \u00e0 des fins personnelles ou de loisir n&rsquo;est pas autoris\u00e9. Toute consultation de site doit se faire en pr\u00e9sence d&rsquo;un adulte appartenant \u00e0 la communaut\u00e9 \u00e9ducative, qui devra exercer une surveillance attentive des sites consult\u00e9s et des activit\u00e9s des \u00e9l\u00e8ves.<\/li>\n<li>Le t\u00e9l\u00e9chargement et l&rsquo;installation de logiciels ou d&rsquo;accessoires de logiciels est interdit. Il reste cependant possible de t\u00e9l\u00e9charger des documents (images, textes) dans son r\u00e9pertoire personnel en vue de r\u00e9alisation de travaux scolaires, sous la responsabilit\u00e9 expresse du responsable.<\/li>\n<li>L&rsquo;usage de moyens de stockage personnels (disquette, cl\u00e9 USB, \u2026) n&rsquo;est pas autoris\u00e9 sans avis pr\u00e9alable de l&rsquo;administrateur r\u00e9seau, qui proc\u00e9dera \u00e0 un contr\u00f4le \u00ab\u00a0anti-viral\u00a0\u00bb.<\/li>\n<li>Aucun appareil p\u00e9riph\u00e9rique personnel ne peut \u00eatre connect\u00e9 sans autorisation.<\/li>\n<\/ul>\n<div><\/div>\n<p>La connexion d&rsquo;ordinateur portable au r\u00e9seau ne peut se faire qu&rsquo;apr\u00e8s avis de l&rsquo;administrateur, qui s&rsquo;assurera notamment de la pr\u00e9sence d&rsquo;un anti-virus, <strong>\u00e0 jour,<\/strong> sur la \u00ab\u00a0machine cliente\u00a0\u00bb.<\/p>\n<div><\/div>\n<p>Chacun doit respecter les r\u00e8gles juridiques et morales en usage dans un \u00e9tablissement scolaire : respect d&rsquo;autrui, respect des valeurs humaines et sociales. Il est donc interdit de consulter et\/ou de publier des documents\u00a0:<\/p>\n<p>&#8211;\u00a0\u00a0\u00a0\u00a0\u00a0\u00a0 \u00e0 caract\u00e8re violent, diffamatoire, injurieux, obsc\u00e8ne, raciste, x\u00e9nophobe et d&rsquo;une fa\u00e7on g\u00e9n\u00e9rale, contraire \u00e0 la morale et aux bonnes m\u0153urs.<\/p>\n<div>&#8211;\u00a0\u00a0\u00a0\u00a0\u00a0\u00a0 \u00e0 caract\u00e8re commercial.<\/div>\n<p>&#8211;\u00a0\u00a0\u00a0\u00a0\u00a0\u00a0 contraires \u00e0 la neutralit\u00e9 politique et\/ou religieuse.<\/p>\n<div><\/div>\n<div><\/div>\n<p>Je soussign\u00e9 \u2026&#8230;&#8230;&#8230;&#8230;&#8230;&#8230;&#8230;&#8230;&#8230;&#8230;&#8230;&#8230;&#8230;&#8230;&#8230;&#8230;&#8230;&#8230;&#8230;. reconnais avoir pris connaissance de la charte informatique et internet du coll\u00e8ge de Hitia&rsquo;a et m&rsquo;engage \u00e0 la respecter sans aucune restriction.<\/p>\n<div><\/div>\n<p>Hitia&rsquo;a, le \u2026..\/&#8230;..\/20&#8230;.<\/p>\n<div><\/div>\n<p><em>\u00a0\u00a0\u00a0\u00a0\u00a0\u00a0\u00a0\u00a0\u00a0\u00a0\u00a0\u00a0\u00a0\u00a0\u00a0\u00a0\u00a0\u00a0\u00a0\u00a0\u00a0\u00a0\u00a0\u00a0\u00a0\u00a0\u00a0\u00a0\u00a0\u00a0\u00a0 Signature de l&rsquo;\u00e9l\u00e8ve\u00a0\u00a0\u00a0\u00a0\u00a0\u00a0\u00a0\u00a0\u00a0\u00a0\u00a0\u00a0\u00a0\u00a0\u00a0\u00a0\u00a0\u00a0\u00a0 \u00a0\u00a0\u00a0\u00a0\u00a0\u00a0\u00a0\u00a0\u00a0\u00a0\u00a0\u00a0\u00a0\u00a0\u00a0\u00a0\u00a0\u00a0\u00a0\u00a0\u00a0\u00a0 signature des parents\u00a0\u00a0\u00a0\u00a0\u00a0\u00a0\u00a0\u00a0\u00a0\u00a0\u00a0\u00a0\u00a0 <\/em><\/p>\n","protected":false},"excerpt":{"rendered":"<p>Cette charte a pour objet de d\u00e9finir les conditions d&rsquo;utilisation d&rsquo;internet et du mat\u00e9riel informatique dans le cadre des activit\u00e9s &hellip; <\/p>\n","protected":false},"author":1,"featured_media":0,"parent":5653,"menu_order":0,"comment_status":"closed","ping_status":"closed","template":"full-width-page.php","meta":{"_acf_changed":false,"footnotes":""},"class_list":["post-5612","page","type-page","status-publish","hentry"],"acf":[],"_links":{"self":[{"href":"http:\/\/www.collegedehitiaa.ama.pf\/index.php\/wp-json\/wp\/v2\/pages\/5612","targetHints":{"allow":["GET"]}}],"collection":[{"href":"http:\/\/www.collegedehitiaa.ama.pf\/index.php\/wp-json\/wp\/v2\/pages"}],"about":[{"href":"http:\/\/www.collegedehitiaa.ama.pf\/index.php\/wp-json\/wp\/v2\/types\/page"}],"author":[{"embeddable":true,"href":"http:\/\/www.collegedehitiaa.ama.pf\/index.php\/wp-json\/wp\/v2\/users\/1"}],"replies":[{"embeddable":true,"href":"http:\/\/www.collegedehitiaa.ama.pf\/index.php\/wp-json\/wp\/v2\/comments?post=5612"}],"version-history":[{"count":1,"href":"http:\/\/www.collegedehitiaa.ama.pf\/index.php\/wp-json\/wp\/v2\/pages\/5612\/revisions"}],"predecessor-version":[{"id":5613,"href":"http:\/\/www.collegedehitiaa.ama.pf\/index.php\/wp-json\/wp\/v2\/pages\/5612\/revisions\/5613"}],"up":[{"embeddable":true,"href":"http:\/\/www.collegedehitiaa.ama.pf\/index.php\/wp-json\/wp\/v2\/pages\/5653"}],"wp:attachment":[{"href":"http:\/\/www.collegedehitiaa.ama.pf\/index.php\/wp-json\/wp\/v2\/media?parent=5612"}],"curies":[{"name":"wp","href":"https:\/\/api.w.org\/{rel}","templated":true}]}}