{"id":5581,"date":"2018-10-04T14:13:11","date_gmt":"2018-10-05T00:13:11","guid":{"rendered":"http:\/\/www.collegedehitiaa.ama.pf\/?page_id=5581"},"modified":"2025-01-27T07:51:36","modified_gmt":"2025-01-27T17:51:36","slug":"direction","status":"publish","type":"page","link":"http:\/\/www.collegedehitiaa.ama.pf\/index.php\/direction\/","title":{"rendered":"Direction"},"content":{"rendered":"<h2 style=\"text-align: center;\"><strong>Adresse postale<\/strong><\/h2>\n<h2 style=\"text-align: center;\">Coll\u00e8ge de HITIA&rsquo;A O TE RA<\/h2>\n<h2 style=\"text-align: center;\">PK 35,5 C\u00f4t\u00e9 Montagne &#8211; Hitia&rsquo;a<\/h2>\n<p style=\"text-align: center;\">BP 11992 &#8211; 98708 Hitia&rsquo;a &#8211; Tahiti<\/p>\n<p style=\"text-align: center;\">Polyn\u00e9sie Fran\u00e7aise<\/p>\n<p style=\"text-align: center;\"><strong>T\u00e9l <\/strong>: (689)40.54.74.80<\/p>\n<p style=\"text-align: center;\"><strong>Email <\/strong>:\u00a0<a href=\"direction@clghiti.ensec.edu.pf\">direction@clghiti.ensec.edu.pf<\/a><br \/>\n<strong><br \/>\n<\/strong><\/p>\n<h2 style=\"text-align: center;\"><strong>Contacts 2024-2025<\/strong><\/h2>\n<p style=\"text-align: center;\"><strong>Principale :<\/strong> Mme Erika DARTHENAY<br \/>\n<span id=\"cloak56329\"><a href=\"mailto:dir@clghiti.education.pf\">dir@clghiti.education.pf<\/a><\/span><\/p>\n<p style=\"text-align: center;\"><strong>Secr\u00e9tariat :<\/strong>\u00a0M Michel NANSEN<br \/>\n<a href=\"sec_dir@clghiti.education.pf\">sec_dir@clghiti.education.pf<\/a><\/p>\n<p style=\"text-align: center;\"><strong>Gestionnaire :<\/strong> Mme Timeri MARTIN-NOUVEAU<br \/>\n<a href=\"gest@clghiti.education.pf\">gest@clghiti.education.pf<\/a><\/p>\n<p style=\"text-align: center;\"><strong>Vie scolaire :<\/strong>\u00a0Mme Allison FAGNIERES<br \/>\n<span id=\"cloak67875\"><a href=\"mailto:cpe@clghiti.education.pf\">cpe@clghiti.education.pf<\/a><\/span><\/p>\n<p style=\"text-align: center;\"><strong>Assistante sociale :<\/strong> Mme Rebecca PENI<\/p>\n<p style=\"text-align: center;\"><a href=\"mailto:ass_soc@clghiti.education.pf\">ass_soc@clghiti.education.pf<\/a><\/p>\n<p style=\"text-align: center;\"><strong>Psychologue E.N :<\/strong> Mme Violaine JEAN MARIE<\/p>\n<p style=\"text-align: center;\"><a href=\"violaine.jean-marie@education.pf\">violaine.jean-marie@education.pf<\/a><\/p>\n<p style=\"text-align: center;\"><strong>Infirmerie :<\/strong> Mme Raura RAIOHA<\/p>\n<p style=\"text-align: center;\"><a href=\"mailto:inf@clghiti.education.pf\">inf@clghiti.education.pf<\/a><\/p>\n<p style=\"text-align: center;\">\n","protected":false},"excerpt":{"rendered":"<p>Adresse postale Coll\u00e8ge de HITIA&rsquo;A O TE RA PK 35,5 C\u00f4t\u00e9 Montagne &#8211; Hitia&rsquo;a BP 11992 &#8211; 98708 Hitia&rsquo;a &#8211; &hellip; <\/p>\n","protected":false},"author":1,"featured_media":0,"parent":0,"menu_order":0,"comment_status":"closed","ping_status":"closed","template":"","meta":{"_acf_changed":false,"footnotes":""},"class_list":["post-5581","page","type-page","status-publish","hentry"],"acf":[],"_links":{"self":[{"href":"http:\/\/www.collegedehitiaa.ama.pf\/index.php\/wp-json\/wp\/v2\/pages\/5581","targetHints":{"allow":["GET"]}}],"collection":[{"href":"http:\/\/www.collegedehitiaa.ama.pf\/index.php\/wp-json\/wp\/v2\/pages"}],"about":[{"href":"http:\/\/www.collegedehitiaa.ama.pf\/index.php\/wp-json\/wp\/v2\/types\/page"}],"author":[{"embeddable":true,"href":"http:\/\/www.collegedehitiaa.ama.pf\/index.php\/wp-json\/wp\/v2\/users\/1"}],"replies":[{"embeddable":true,"href":"http:\/\/www.collegedehitiaa.ama.pf\/index.php\/wp-json\/wp\/v2\/comments?post=5581"}],"version-history":[{"count":21,"href":"http:\/\/www.collegedehitiaa.ama.pf\/index.php\/wp-json\/wp\/v2\/pages\/5581\/revisions"}],"predecessor-version":[{"id":9158,"href":"http:\/\/www.collegedehitiaa.ama.pf\/index.php\/wp-json\/wp\/v2\/pages\/5581\/revisions\/9158"}],"wp:attachment":[{"href":"http:\/\/www.collegedehitiaa.ama.pf\/index.php\/wp-json\/wp\/v2\/media?parent=5581"}],"curies":[{"name":"wp","href":"https:\/\/api.w.org\/{rel}","templated":true}]}}